{"id":197,"date":"2026-04-06T16:01:32","date_gmt":"2026-04-06T16:01:32","guid":{"rendered":"https:\/\/allan.app.ndlpavranches.fr\/?page_id=197"},"modified":"2026-04-06T17:09:18","modified_gmt":"2026-04-06T17:09:18","slug":"veille-technologique","status":"publish","type":"page","link":"https:\/\/allan.app.ndlpavranches.fr\/?page_id=197","title":{"rendered":"Veille technologique"},"content":{"rendered":"<div class='veille-container' style='display: grid; grid-template-columns: repeat(auto-fill, minmax(300px, 1fr)); gap: 20px;'><div class='ia-card' style='border: 1px solid #ddd; border-radius: 12px; overflow: hidden; background: #fff; box-shadow: 0 4px 6px rgba(0,0,0,0.05); display: flex; flex-direction: column;'><div style='padding: 15px; flex-grow: 1;'><small style='color: #ff4500; font-weight: bold; text-transform: uppercase;'>frandroid<\/small><h3 style='margin: 10px 0; font-size: 1.1em; line-height: 1.4;'><a href='https:\/\/www.frandroid.com\/android\/3093177_netflix-teste-sa-propre-recherche-vocale-ia-sur-la-tv-tout-en-snobant-gemini-et-alexa' target='_blank' style='color: #222; text-decoration: none;'>Netflix teste sa propre recherche vocale IA sur la TV tout en snobant Gemini et Alexa<\/a><\/h3><p style='font-size: 0.8em; color: #777;'>\ud83d\udcc5 07\/05\/2026<\/p><\/div><\/div><div class='ia-card' style='border: 1px solid #ddd; border-radius: 12px; overflow: hidden; background: #fff; box-shadow: 0 4px 6px rgba(0,0,0,0.05); display: flex; flex-direction: column;'><div style='padding: 15px; flex-grow: 1;'><small style='color: #ff4500; font-weight: bold; text-transform: uppercase;'>frandroid<\/small><h3 style='margin: 10px 0; font-size: 1.1em; line-height: 1.4;'><a href='https:\/\/www.frandroid.com\/culture-tech\/3093171_cloud-souverain-lue-pourrait-bannir-amazon-google-et-microsoft-des-donnees-sensibles' target='_blank' style='color: #222; text-decoration: none;'>Cloud souverain : l\u2019UE pourrait bannir Amazon, Google et Microsoft des donn\u00e9es sensibles<\/a><\/h3><p style='font-size: 0.8em; color: #777;'>\ud83d\udcc5 07\/05\/2026<\/p><\/div><\/div><div class='ia-card' style='border: 1px solid #ddd; border-radius: 12px; overflow: hidden; background: #fff; box-shadow: 0 4px 6px rgba(0,0,0,0.05); display: flex; flex-direction: column;'><div style='padding: 15px; flex-grow: 1;'><small style='color: #ff4500; font-weight: bold; text-transform: uppercase;'>frandroid<\/small><h3 style='margin: 10px 0; font-size: 1.1em; line-height: 1.4;'><a href='https:\/\/www.frandroid.com\/culture-tech\/intelligence-artificielle\/anthropic-claude-ai\/3093139_elon-musk-insultait-anthropic-il-vient-de-signer-un-deal-avec-eux' target='_blank' style='color: #222; text-decoration: none;'>Elon Musk insultait Anthropic, il vient de signer un deal avec eux<\/a><\/h3><p style='font-size: 0.8em; color: #777;'>\ud83d\udcc5 07\/05\/2026<\/p><\/div><\/div><div class='ia-card' style='border: 1px solid #ddd; border-radius: 12px; overflow: hidden; background: #fff; box-shadow: 0 4px 6px rgba(0,0,0,0.05); display: flex; flex-direction: column;'><div style='padding: 15px; flex-grow: 1;'><small style='color: #ff4500; font-weight: bold; text-transform: uppercase;'>frandroid<\/small><h3 style='margin: 10px 0; font-size: 1.1em; line-height: 1.4;'><a href='https:\/\/www.frandroid.com\/marques\/google\/3092019_google-devoile-5-nouvelles-methodes-de-recherche-pour-son-mode-ia' target='_blank' style='color: #222; text-decoration: none;'>Google d\u00e9voile 5 nouvelles m\u00e9thodes de recherche pour son \u00ab\u00a0mode IA\u00a0\u00bb<\/a><\/h3><p style='font-size: 0.8em; color: #777;'>\ud83d\udcc5 07\/05\/2026<\/p><\/div><\/div><div class='ia-card' style='border: 1px solid #ddd; border-radius: 12px; overflow: hidden; background: #fff; box-shadow: 0 4px 6px rgba(0,0,0,0.05); display: flex; flex-direction: column;'><img src='https:\/\/www.zdnet.fr\/wp-content\/uploads\/zdnet\/2026\/05\/aicubesgettyimages-2267424540.webp' style='width:100%; height:160px; object-fit:cover;'><div style='padding: 15px; flex-grow: 1;'><small style='color: #ff4500; font-weight: bold; text-transform: uppercase;'>zdnet<\/small><h3 style='margin: 10px 0; font-size: 1.1em; line-height: 1.4;'><a href='https:\/\/www.zdnet.fr\/actualites\/77-des-responsables-it-affirment-que-leurs-agents-ia-sont-hors-de-controle-5-facons-de-les-maitriser-494604.htm#xtor=RSS-1' target='_blank' style='color: #222; text-decoration: none;'>77 % des responsables IT affirment que leurs agents IA sont hors de contr\u00f4le \u2013 5 fa\u00e7ons de les ma\u00eetriser<\/a><\/h3><p style='font-size: 0.8em; color: #777;'>\ud83d\udcc5 07\/05\/2026<\/p><\/div><\/div><div class='ia-card' style='border: 1px solid #ddd; border-radius: 12px; overflow: hidden; background: #fff; box-shadow: 0 4px 6px rgba(0,0,0,0.05); display: flex; flex-direction: column;'><img src='https:\/\/www.zdnet.fr\/wp-content\/uploads\/zdnet\/2026\/05\/atlassian_1280.jpg' style='width:100%; height:160px; object-fit:cover;'><div style='padding: 15px; flex-grow: 1;'><small style='color: #ff4500; font-weight: bold; text-transform: uppercase;'>zdnet<\/small><h3 style='margin: 10px 0; font-size: 1.1em; line-height: 1.4;'><a href='https:\/\/www.zdnet.fr\/actualites\/lintelligence-est-le-moteur-le-contexte-est-le-carburant-comment-atlassian-veut-imposer-son-ia-en-entreprise-494678.htm#xtor=RSS-1' target='_blank' style='color: #222; text-decoration: none;'>&quot;L&#039;intelligence est le moteur, le contexte est le carburant&quot; : comment Atlassian veut imposer son IA en entreprise<\/a><\/h3><p style='font-size: 0.8em; color: #777;'>\ud83d\udcc5 07\/05\/2026<\/p><\/div><\/div><div class='ia-card' style='border: 1px solid #ddd; border-radius: 12px; overflow: hidden; background: #fff; box-shadow: 0 4px 6px rgba(0,0,0,0.05); display: flex; flex-direction: column;'><img src='https:\/\/www.zdnet.fr\/wp-content\/uploads\/zdnet\/2026\/05\/anthropic.jpg' style='width:100%; height:160px; object-fit:cover;'><div style='padding: 15px; flex-grow: 1;'><small style='color: #ff4500; font-weight: bold; text-transform: uppercase;'>zdnet<\/small><h3 style='margin: 10px 0; font-size: 1.1em; line-height: 1.4;'><a href='https:\/\/www.zdnet.fr\/actualites\/anthropic-loue-le-supercalculateur-de-spacex-pour-doubler-les-limites-de-claude-494695.htm#xtor=RSS-1' target='_blank' style='color: #222; text-decoration: none;'>Anthropic loue le supercalculateur de SpaceX pour doubler les limites de Claude<\/a><\/h3><p style='font-size: 0.8em; color: #777;'>\ud83d\udcc5 07\/05\/2026<\/p><\/div><\/div><div class='ia-card' style='border: 1px solid #ddd; border-radius: 12px; overflow: hidden; background: #fff; box-shadow: 0 4px 6px rgba(0,0,0,0.05); display: flex; flex-direction: column;'><img src='https:\/\/www.zdnet.fr\/wp-content\/uploads\/zdnet\/2024\/09\/zdnet-podcast-bo.jpg' style='width:100%; height:160px; object-fit:cover;'><div style='padding: 15px; flex-grow: 1;'><small style='color: #ff4500; font-weight: bold; text-transform: uppercase;'>zdnet<\/small><h3 style='margin: 10px 0; font-size: 1.1em; line-height: 1.4;'><a href='https:\/\/www.zdnet.fr\/actualites\/zd-tech-a-peine-en-service-et-deja-obsoletes-le-paradoxe-des-nouveaux-metros-equipes-de-prises-usb-a-493788.htm#xtor=RSS-1' target='_blank' style='color: #222; text-decoration: none;'>ZD Tech : \u00c0 peine en service et d\u00e9j\u00e0 obsol\u00e8tes, le paradoxe des nouveaux m\u00e9tros \u00e9quip\u00e9s de prises USB-A<\/a><\/h3><p style='font-size: 0.8em; color: #777;'>\ud83d\udcc5 07\/05\/2026<\/p><\/div><\/div><div class='ia-card' style='border: 1px solid #ddd; border-radius: 12px; overflow: hidden; background: #fff; box-shadow: 0 4px 6px rgba(0,0,0,0.05); display: flex; flex-direction: column;'><img src='https:\/\/www.zdnet.fr\/wp-content\/uploads\/zdnet\/2024\/02\/RAM-2.jpg' style='width:100%; height:160px; object-fit:cover;'><div style='padding: 15px; flex-grow: 1;'><small style='color: #ff4500; font-weight: bold; text-transform: uppercase;'>zdnet<\/small><h3 style='margin: 10px 0; font-size: 1.1em; line-height: 1.4;'><a href='https:\/\/www.zdnet.fr\/actualites\/hausse-des-prix-et-recul-des-performances-lindustrie-tech-prise-au-piege-dune-nouvelle-shrinkflation-494663.htm#xtor=RSS-1' target='_blank' style='color: #222; text-decoration: none;'>Hausse des prix et recul des performances : l\u2019industrie tech prise au pi\u00e8ge d\u2019une nouvelle &quot;shrinkflation&quot;<\/a><\/h3><p style='font-size: 0.8em; color: #777;'>\ud83d\udcc5 07\/05\/2026<\/p><\/div><\/div><\/div>\n\n\n<p><\/p>\n","protected":false},"excerpt":{"rendered":"<div class=\"mh-excerpt\"><\/div>","protected":false},"author":1,"featured_media":0,"parent":16,"menu_order":0,"comment_status":"closed","ping_status":"closed","template":"","meta":{"saved_in_kubio":true,"footnotes":""},"class_list":["post-197","page","type-page","status-publish","hentry"],"kubio_ai_page_context":{"short_desc":"","purpose":"general"},"_links":{"self":[{"href":"https:\/\/allan.app.ndlpavranches.fr\/index.php?rest_route=\/wp\/v2\/pages\/197","targetHints":{"allow":["GET"]}}],"collection":[{"href":"https:\/\/allan.app.ndlpavranches.fr\/index.php?rest_route=\/wp\/v2\/pages"}],"about":[{"href":"https:\/\/allan.app.ndlpavranches.fr\/index.php?rest_route=\/wp\/v2\/types\/page"}],"author":[{"embeddable":true,"href":"https:\/\/allan.app.ndlpavranches.fr\/index.php?rest_route=\/wp\/v2\/users\/1"}],"replies":[{"embeddable":true,"href":"https:\/\/allan.app.ndlpavranches.fr\/index.php?rest_route=%2Fwp%2Fv2%2Fcomments&post=197"}],"version-history":[{"count":8,"href":"https:\/\/allan.app.ndlpavranches.fr\/index.php?rest_route=\/wp\/v2\/pages\/197\/revisions"}],"predecessor-version":[{"id":222,"href":"https:\/\/allan.app.ndlpavranches.fr\/index.php?rest_route=\/wp\/v2\/pages\/197\/revisions\/222"}],"up":[{"embeddable":true,"href":"https:\/\/allan.app.ndlpavranches.fr\/index.php?rest_route=\/wp\/v2\/pages\/16"}],"wp:attachment":[{"href":"https:\/\/allan.app.ndlpavranches.fr\/index.php?rest_route=%2Fwp%2Fv2%2Fmedia&parent=197"}],"curies":[{"name":"wp","href":"https:\/\/api.w.org\/{rel}","templated":true}]}}