{"id":23,"date":"2025-11-18T11:43:49","date_gmt":"2025-11-18T11:43:49","guid":{"rendered":"https:\/\/allan.app.ndlpavranches.fr\/?page_id=23"},"modified":"2026-04-06T19:14:22","modified_gmt":"2026-04-06T19:14:22","slug":"front_page","status":"publish","type":"page","link":"https:\/\/allan.app.ndlpavranches.fr\/","title":{"rendered":"Accueil"},"content":{"rendered":"<section id=\"hero\">\n<div class=\"hero-content\">\n<h1>Allan Bouguion<\/h1>\n<p class=\"tagline\">D\u00e9couvrez mon univers : Cybers\u00e9curit\u00e9, IA, D\u00e9veloppement web infrastructure r\u00e9seau et Technologies modernes.<\/p>\n<p class=\"description\">\n            Passionn\u00e9 par les technologies modernes, je con\u00e7ois des solutions innovantes et s\u00e9curis\u00e9es pour r\u00e9pondre aux d\u00e9fis num\u00e9riques de demain.\n        <\/p>\n<\/p><\/div>\n<\/section>\n<hr>\n<section id=\"presentation\">\n<h2>\u00c0 propos de moi<\/h2>\n<p>Besoin d&rsquo;en savoir plus sur mon parcours et mes aspirations ?<\/p>\n<p>    <a class=\"button\" href=\"https:\/\/allan.app.ndlpavranches.fr\/?page_id=75\">Consulter mon profil complet<\/a><br \/>\n<\/section>\n<hr>\n<section id=\"contact\">\n<h2>Entrons en contact<\/h2>\n<p>Un projet, une question ou une opportunit\u00e9 ? N&rsquo;h\u00e9sitez pas \u00e0 me joindre :<\/p>\n<ul class=\"contact-list\">\n<li>\n            <strong>Email :<\/strong><br \/>\n            <a href=\"mailto:bouguionallan@ik.me\">bouguionallan@ik.me<\/a>\n        <\/li>\n<li>\n            <strong>GitHub :<\/strong><br \/>\n            <a href=\"https:\/\/github.com\/Allan9boug\" target=\"_blank\" rel=\"noopener\">github.com\/Allan9boug<\/a>\n        <\/li>\n<\/ul>\n<\/section>\n","protected":false},"excerpt":{"rendered":"<div class=\"mh-excerpt\"><p>Allan Bouguion D\u00e9couvrez mon univers : Cybers\u00e9curit\u00e9, IA, D\u00e9veloppement web infrastructure r\u00e9seau et Technologies modernes. Passionn\u00e9 par les technologies modernes, je con\u00e7ois des solutions innovantes <a class=\"mh-excerpt-more\" href=\"https:\/\/allan.app.ndlpavranches.fr\/\" title=\"Accueil\">[&#8230;]<\/a><\/p>\n<\/div>","protected":false},"author":1,"featured_media":0,"parent":0,"menu_order":0,"comment_status":"closed","ping_status":"closed","template":"","meta":{"saved_in_kubio":true,"footnotes":""},"class_list":["post-23","page","type-page","status-publish","hentry"],"kubio_ai_page_context":{"short_desc":"","purpose":"general"},"_links":{"self":[{"href":"https:\/\/allan.app.ndlpavranches.fr\/index.php?rest_route=\/wp\/v2\/pages\/23","targetHints":{"allow":["GET"]}}],"collection":[{"href":"https:\/\/allan.app.ndlpavranches.fr\/index.php?rest_route=\/wp\/v2\/pages"}],"about":[{"href":"https:\/\/allan.app.ndlpavranches.fr\/index.php?rest_route=\/wp\/v2\/types\/page"}],"author":[{"embeddable":true,"href":"https:\/\/allan.app.ndlpavranches.fr\/index.php?rest_route=\/wp\/v2\/users\/1"}],"replies":[{"embeddable":true,"href":"https:\/\/allan.app.ndlpavranches.fr\/index.php?rest_route=%2Fwp%2Fv2%2Fcomments&post=23"}],"version-history":[{"count":13,"href":"https:\/\/allan.app.ndlpavranches.fr\/index.php?rest_route=\/wp\/v2\/pages\/23\/revisions"}],"predecessor-version":[{"id":259,"href":"https:\/\/allan.app.ndlpavranches.fr\/index.php?rest_route=\/wp\/v2\/pages\/23\/revisions\/259"}],"wp:attachment":[{"href":"https:\/\/allan.app.ndlpavranches.fr\/index.php?rest_route=%2Fwp%2Fv2%2Fmedia&parent=23"}],"curies":[{"name":"wp","href":"https:\/\/api.w.org\/{rel}","templated":true}]}}