{"id":75,"date":"2025-11-25T11:35:50","date_gmt":"2025-11-25T11:35:50","guid":{"rendered":"https:\/\/allan.app.ndlpavranches.fr\/?page_id=75"},"modified":"2025-12-10T21:21:55","modified_gmt":"2025-12-10T21:21:55","slug":"presentation","status":"publish","type":"page","link":"https:\/\/allan.app.ndlpavranches.fr\/?page_id=75","title":{"rendered":"Pr\u00e9sentation"},"content":{"rendered":"<section style=\"padding:40px;\">\n<h2>\u00c0 propos de moi<\/h2>\n<p>\n                Je m\u2019appelle Allan Bouguion, j\u2019ai 26 ans et je suis passionn\u00e9 par l\u2019IA et l\u2019informatique sous toutes leurs formes. Curieux, motiv\u00e9 et toujours en qu\u00eate d\u2019apprentissage, j\u2019aime explorer et ma\u00eetriser de nouvelles technologies.<br \/>\nJ\u2019ai d\u00e9cid\u00e9 de me reconvertir dans le domaine de l\u2019informatique, car ce domaine me passionne et j\u2019y vois de vraies opportunit\u00e9s d\u2019avenir.\n            <\/p>\n<h3>Parcours<\/h3>\n<ul>\n<li><strong>2018\u20132019 :<\/strong> Baccalaut\u00e9at Pro Gestion Administration <\/li>\n<li><strong>2019-2020 :<\/strong> Permis B<\/li>\n<li><strong>Stage :<\/strong> R\u00e9parateur informatique (diagnostic, maintenance et r\u00e9paration de mat\u00e9riel)<\/li>\n<\/ul><\/div>\n<\/p><\/div>\n<\/section>\n","protected":false},"excerpt":{"rendered":"<div class=\"mh-excerpt\"><p>\u00c0 propos de moi Je m\u2019appelle Allan Bouguion, j\u2019ai 26 ans et je suis passionn\u00e9 par l\u2019IA et l\u2019informatique sous toutes leurs formes. Curieux, motiv\u00e9 <a class=\"mh-excerpt-more\" href=\"https:\/\/allan.app.ndlpavranches.fr\/?page_id=75\" title=\"Pr\u00e9sentation\">[&#8230;]<\/a><\/p>\n<\/div>","protected":false},"author":1,"featured_media":0,"parent":0,"menu_order":3,"comment_status":"closed","ping_status":"closed","template":"","meta":{"saved_in_kubio":true,"footnotes":""},"class_list":["post-75","page","type-page","status-publish","hentry"],"kubio_ai_page_context":{"short_desc":"","purpose":"general"},"_links":{"self":[{"href":"https:\/\/allan.app.ndlpavranches.fr\/index.php?rest_route=\/wp\/v2\/pages\/75","targetHints":{"allow":["GET"]}}],"collection":[{"href":"https:\/\/allan.app.ndlpavranches.fr\/index.php?rest_route=\/wp\/v2\/pages"}],"about":[{"href":"https:\/\/allan.app.ndlpavranches.fr\/index.php?rest_route=\/wp\/v2\/types\/page"}],"author":[{"embeddable":true,"href":"https:\/\/allan.app.ndlpavranches.fr\/index.php?rest_route=\/wp\/v2\/users\/1"}],"replies":[{"embeddable":true,"href":"https:\/\/allan.app.ndlpavranches.fr\/index.php?rest_route=%2Fwp%2Fv2%2Fcomments&post=75"}],"version-history":[{"count":9,"href":"https:\/\/allan.app.ndlpavranches.fr\/index.php?rest_route=\/wp\/v2\/pages\/75\/revisions"}],"predecessor-version":[{"id":175,"href":"https:\/\/allan.app.ndlpavranches.fr\/index.php?rest_route=\/wp\/v2\/pages\/75\/revisions\/175"}],"wp:attachment":[{"href":"https:\/\/allan.app.ndlpavranches.fr\/index.php?rest_route=%2Fwp%2Fv2%2Fmedia&parent=75"}],"curies":[{"name":"wp","href":"https:\/\/api.w.org\/{rel}","templated":true}]}}